{"id":1930,"date":"2022-06-06T16:34:14","date_gmt":"2022-06-06T16:34:14","guid":{"rendered":"https:\/\/fraumiau.ro\/?page_id=1930"},"modified":"2022-06-06T16:37:48","modified_gmt":"2022-06-06T16:37:48","slug":"cookies","status":"publish","type":"page","link":"https:\/\/fraumiau.ro\/en\/cookies\/","title":{"rendered":"Cookies"},"content":{"rendered":"<div data-elementor-type=\"wp-page\" data-elementor-id=\"1930\" class=\"elementor elementor-1930\">\n\t\t\t\t\t\t<section class=\"elementor-section elementor-top-section elementor-element elementor-element-7b0f6d8 elementor-section-boxed elementor-section-height-default elementor-section-height-default wpr-particle-no wpr-jarallax-no wpr-parallax-no wpr-sticky-section-no\" data-id=\"7b0f6d8\" data-element_type=\"section\" data-settings=\"{&quot;background_background&quot;:&quot;classic&quot;}\">\n\t\t\t\t\t\t<div class=\"elementor-container elementor-column-gap-default\">\n\t\t\t\t\t<div class=\"aux-parallax-section elementor-column elementor-col-100 elementor-top-column elementor-element elementor-element-55730c5\" data-id=\"55730c5\" data-element_type=\"column\" data-settings=\"{&quot;background_background&quot;:&quot;classic&quot;}\">\n\t\t\t<div class=\"elementor-widget-wrap elementor-element-populated\">\n\t\t\t\t\t\t<div class=\"elementor-element elementor-element-618dc6b elementor-widget elementor-widget-aux_modern_heading\" data-id=\"618dc6b\" data-element_type=\"widget\" data-widget_type=\"aux_modern_heading.default\">\n\t\t\t\t<div class=\"elementor-widget-container\">\n\t\t\t\t\t<section class=\"aux-widget-modern-heading\">\n            <div class=\"aux-widget-inner\"><h2 class=\"aux-modern-heading-primary\">Politic\u0103 de utilizare Cookies<\/h2><div class=\"aux-modern-heading-divider\"><\/div><div class=\"aux-modern-heading-description\"><p>\u00cen conformitate cu legisla\u021bia actual\u0103 v\u0103 aducem la cuno\u0219tin\u021b\u0103 faptul c\u0103 site-ul fraumiau.ro folose\u0219te fi\u0219iere de tip Cookies de la ter\u021be p\u0103r\u021bi precum Google Analytics pentru a v\u0103 putea oferi informa\u021bii juridice personalizate.<\/p><\/div><\/div>\n        <\/section>\t\t\t\t<\/div>\n\t\t\t\t<\/div>\n\t\t\t\t<div class=\"elementor-element elementor-element-7b1313f elementor-widget elementor-widget-aux_modern_heading\" data-id=\"7b1313f\" data-element_type=\"widget\" data-widget_type=\"aux_modern_heading.default\">\n\t\t\t\t<div class=\"elementor-widget-container\">\n\t\t\t\t\t<section class=\"aux-widget-modern-heading\">\n            <div class=\"aux-widget-inner\"><h2 class=\"aux-modern-heading-primary\">Ce trebuie s\u0103 \u0219tim despre aceste fi\u0219iere cookies? Ce sunt ele?<\/h2><div class=\"aux-modern-heading-divider\"><\/div><div class=\"aux-modern-heading-description\"><p>Cookie-urile sunt fi\u0219iere create de site-urile pe care le accesezi, acestea av\u00e2nd rolul de a-\u021bi \u00eembun\u0103t\u0103\u021bi experien\u021ba online prin salvarea informa\u021biilor tale de navigare.<\/p><p>Folosind aceste fi\u0219iere cookie site-urile pot s\u0103 te men\u021bin\u0103 conectat(\u0103), s\u0103 \u00ee\u021bi re\u021bin\u0103 preferin\u021bele privind site-urile \u0219i s\u0103 \u00ee\u021bi ofere con\u021binut relevant de care tu ai nevoie.<\/p><p>Exist\u0103 dou\u0103 tipuri de fi\u0219iere cookie:<\/p><ul><li>cookie-urile primare\u00a0sunt create de site-ul pe care \u00eel accesezi. Site-ul este afi\u0219at \u00een bara de adrese.<\/li><li>cookie-urile ter\u021b\u0103 parte sunt create de alte site-uri. Aceste site-uri de\u021bin o parte din con\u021binut, cum ar fi anun\u021buri sau imagini, pe care le vezi pe pagina web pe care o accesezi.\u00a0 \u00a0<\/li><\/ul><\/div><\/div>\n        <\/section>\t\t\t\t<\/div>\n\t\t\t\t<\/div>\n\t\t\t\t<div class=\"elementor-element elementor-element-651b90c elementor-widget elementor-widget-aux_modern_heading\" data-id=\"651b90c\" data-element_type=\"widget\" data-widget_type=\"aux_modern_heading.default\">\n\t\t\t\t<div class=\"elementor-widget-container\">\n\t\t\t\t\t<section class=\"aux-widget-modern-heading\">\n            <div class=\"aux-widget-inner\"><h2 class=\"aux-modern-heading-primary\">De ce sunt importante sau de ce ar trebui s\u0103 accept\u0103m folosirea fi\u0219ierelor de tip cookie?<\/h2><div class=\"aux-modern-heading-divider\"><\/div><div class=\"aux-modern-heading-description\"><p>Fi\u0219ierele de tip cookie ne ajut\u0103 s\u0103 avem o experien\u021b\u0103 mai bun\u0103 atunci c\u00e2nd navig\u0103m pe un site, oferindu-ne o navigare personalizat\u0103 \u00een func\u021bie de preferin\u021bele noastre.<\/p><\/div><\/div>\n        <\/section>\t\t\t\t<\/div>\n\t\t\t\t<\/div>\n\t\t\t\t<div class=\"elementor-element elementor-element-23fbdfb elementor-widget elementor-widget-aux_modern_heading\" data-id=\"23fbdfb\" data-element_type=\"widget\" data-widget_type=\"aux_modern_heading.default\">\n\t\t\t\t<div class=\"elementor-widget-container\">\n\t\t\t\t\t<section class=\"aux-widget-modern-heading\">\n            <div class=\"aux-widget-inner\"><h2 class=\"aux-modern-heading-primary\">Cum pute\u021bi sterge fi\u0219ierele de tip Cookie?<\/h2><div class=\"aux-modern-heading-divider\"><\/div><div class=\"aux-modern-heading-description\"><p>Fi\u0219erele de tip Cookie pot fi \u0219terse practic de pe orice browser acces\u00e2nd sec\u021biunea\u00a0<strong><em>,<\/em><\/strong><em>,Preferin\u021be<\/em><em>\u201d<\/em><strong><em>,\u00a0<\/em><\/strong>\u00eens\u0103 acest lucru este posibil s\u0103 v\u0103 afecteze experien\u021ba legat\u0103 de navigarea pe orice site care utilizeaza acest tip de fi\u0219iere.<\/p><\/div><\/div>\n        <\/section>\t\t\t\t<\/div>\n\t\t\t\t<\/div>\n\t\t\t\t<div class=\"elementor-element elementor-element-d130168 elementor-widget elementor-widget-aux_modern_heading\" data-id=\"d130168\" data-element_type=\"widget\" data-widget_type=\"aux_modern_heading.default\">\n\t\t\t\t<div class=\"elementor-widget-container\">\n\t\t\t\t\t<section class=\"aux-widget-modern-heading\">\n            <div class=\"aux-widget-inner\"><h2 class=\"aux-modern-heading-primary\">Unde pot afla mai multe informa\u021bii despre fi\u0219ierele de tip Cookie?<\/h2><div class=\"aux-modern-heading-divider\"><\/div><div class=\"aux-modern-heading-description\"><p>Mai multe informa\u021bii despre fi\u0219ierele de tip Cookie po\u021bi afla acces\u00e2nd urm\u0103torul site:<\/p><p><a href=\"http:\/\/www.allaboutcookies.org\/\">www.allaboutcookies.org<\/a><\/p><\/div><\/div>\n        <\/section>\t\t\t\t<\/div>\n\t\t\t\t<\/div>\n\t\t\t\t\t<\/div>\n\t\t<\/div>\n\t\t\t\t\t<\/div>\n\t\t<\/section>\n\t\t\t\t<\/div>","protected":false},"excerpt":{"rendered":"<p>Politic\u0103 de utilizare Cookies \u00cen conformitate cu legisla\u021bia actual\u0103 v\u0103 aducem la cuno\u0219tin\u021b\u0103 faptul c\u0103 site-ul fraumiau.ro folose\u0219te fi\u0219iere de tip Cookies de la ter\u021be p\u0103r\u021bi precum Google Analytics pentru a v\u0103 putea oferi informa\u021bii juridice personalizate. Ce trebuie s\u0103 \u0219tim despre aceste fi\u0219iere cookies? Ce sunt ele? Cookie-urile sunt fi\u0219iere create de site-urile pe care le accesezi, acestea av\u00e2nd rolul de a-\u021bi \u00eembun\u0103t\u0103\u021bi experien\u021ba online prin salvarea informa\u021biilor tale de navigare. Folosind aceste fi\u0219iere cookie site-urile pot s\u0103 te men\u021bin\u0103 conectat(\u0103), s\u0103 \u00ee\u021bi re\u021bin\u0103 preferin\u021bele privind site-urile \u0219i s\u0103 \u00ee\u021bi ofere con\u021binut relevant de care tu ai nevoie. Exist\u0103 dou\u0103 tipuri de fi\u0219iere cookie: cookie-urile primare\u00a0sunt create de site-ul pe care \u00eel accesezi. Site-ul este afi\u0219at \u00een bara de adrese. cookie-urile ter\u021b\u0103 parte sunt create de alte site-uri. Aceste site-uri de\u021bin o parte din con\u021binut, cum ar fi anun\u021buri sau imagini, pe care le vezi pe pagina web pe care o accesezi.\u00a0 \u00a0 De ce sunt importante sau de ce ar trebui s\u0103 accept\u0103m folosirea fi\u0219ierelor de tip cookie? Fi\u0219ierele de tip cookie ne ajut\u0103 s\u0103 avem o experien\u021b\u0103 mai bun\u0103 atunci c\u00e2nd navig\u0103m pe un site, oferindu-ne o navigare personalizat\u0103 \u00een func\u021bie de preferin\u021bele noastre. Cum pute\u021bi sterge fi\u0219ierele de tip Cookie? Fi\u0219erele de tip Cookie pot fi \u0219terse practic de pe orice browser acces\u00e2nd sec\u021biunea\u00a0,,Preferin\u021be\u201d,\u00a0\u00eens\u0103 acest lucru este posibil s\u0103 v\u0103 afecteze experien\u021ba legat\u0103 de navigarea pe orice site care utilizeaza acest tip de fi\u0219iere. Unde pot afla mai multe informa\u021bii despre fi\u0219ierele de tip Cookie? Mai multe informa\u021bii despre fi\u0219ierele de tip Cookie po\u021bi afla acces\u00e2nd urm\u0103torul site: www.allaboutcookies.org<\/p>","protected":false},"author":1,"featured_media":0,"parent":0,"menu_order":0,"comment_status":"closed","ping_status":"closed","template":"","meta":{"footnotes":""},"class_list":["post-1930","page","type-page","status-publish","hentry"],"yoast_head":"<!-- This site is optimized with the Yoast SEO plugin v25.7 - https:\/\/yoast.com\/wordpress\/plugins\/seo\/ -->\n<title>Cookies - Frau Miau<\/title>\n<meta name=\"robots\" content=\"index, follow, max-snippet:-1, max-image-preview:large, max-video-preview:-1\" \/>\n<link rel=\"canonical\" href=\"https:\/\/fraumiau.ro\/en\/cookies\/\" \/>\n<meta property=\"og:locale\" content=\"en_US\" \/>\n<meta property=\"og:type\" content=\"article\" \/>\n<meta property=\"og:title\" content=\"Cookies - Frau Miau\" \/>\n<meta property=\"og:description\" content=\"Politic\u0103 de utilizare Cookies \u00cen conformitate cu legisla\u021bia actual\u0103 v\u0103 aducem la cuno\u0219tin\u021b\u0103 faptul c\u0103 site-ul fraumiau.ro folose\u0219te fi\u0219iere de tip Cookies de la ter\u021be p\u0103r\u021bi precum Google Analytics pentru a v\u0103 putea oferi informa\u021bii juridice personalizate. Ce trebuie s\u0103 \u0219tim despre aceste fi\u0219iere cookies? Ce sunt ele? Cookie-urile sunt fi\u0219iere create de site-urile pe care le accesezi, acestea av\u00e2nd rolul de a-\u021bi \u00eembun\u0103t\u0103\u021bi experien\u021ba online prin salvarea informa\u021biilor tale de navigare. Folosind aceste fi\u0219iere cookie site-urile pot s\u0103 te men\u021bin\u0103 conectat(\u0103), s\u0103 \u00ee\u021bi re\u021bin\u0103 preferin\u021bele privind site-urile \u0219i s\u0103 \u00ee\u021bi ofere con\u021binut relevant de care tu ai nevoie. Exist\u0103 dou\u0103 tipuri de fi\u0219iere cookie: cookie-urile primare\u00a0sunt create de site-ul pe care \u00eel accesezi. Site-ul este afi\u0219at \u00een bara de adrese. cookie-urile ter\u021b\u0103 parte sunt create de alte site-uri. Aceste site-uri de\u021bin o parte din con\u021binut, cum ar fi anun\u021buri sau imagini, pe care le vezi pe pagina web pe care o accesezi.\u00a0 \u00a0 De ce sunt importante sau de ce ar trebui s\u0103 accept\u0103m folosirea fi\u0219ierelor de tip cookie? Fi\u0219ierele de tip cookie ne ajut\u0103 s\u0103 avem o experien\u021b\u0103 mai bun\u0103 atunci c\u00e2nd navig\u0103m pe un site, oferindu-ne o navigare personalizat\u0103 \u00een func\u021bie de preferin\u021bele noastre. Cum pute\u021bi sterge fi\u0219ierele de tip Cookie? Fi\u0219erele de tip Cookie pot fi \u0219terse practic de pe orice browser acces\u00e2nd sec\u021biunea\u00a0,,Preferin\u021be\u201d,\u00a0\u00eens\u0103 acest lucru este posibil s\u0103 v\u0103 afecteze experien\u021ba legat\u0103 de navigarea pe orice site care utilizeaza acest tip de fi\u0219iere. Unde pot afla mai multe informa\u021bii despre fi\u0219ierele de tip Cookie? Mai multe informa\u021bii despre fi\u0219ierele de tip Cookie po\u021bi afla acces\u00e2nd urm\u0103torul site: www.allaboutcookies.org\" \/>\n<meta property=\"og:url\" content=\"https:\/\/fraumiau.ro\/en\/cookies\/\" \/>\n<meta property=\"og:site_name\" content=\"Frau Miau\" \/>\n<meta property=\"article:publisher\" content=\"https:\/\/www.facebook.com\/FrauMiauCatsitting\" \/>\n<meta property=\"article:modified_time\" content=\"2022-06-06T16:37:48+00:00\" \/>\n<meta name=\"twitter:card\" content=\"summary_large_image\" \/>\n<meta name=\"twitter:label1\" content=\"Est. reading time\" \/>\n\t<meta name=\"twitter:data1\" content=\"2 minutes\" \/>\n<script type=\"application\/ld+json\" class=\"yoast-schema-graph\">{\"@context\":\"https:\/\/schema.org\",\"@graph\":[{\"@type\":\"WebPage\",\"@id\":\"https:\/\/fraumiau.ro\/cookies\/\",\"url\":\"https:\/\/fraumiau.ro\/cookies\/\",\"name\":\"Cookies - Frau Miau\",\"isPartOf\":{\"@id\":\"https:\/\/fraumiau.ro\/#website\"},\"datePublished\":\"2022-06-06T16:34:14+00:00\",\"dateModified\":\"2022-06-06T16:37:48+00:00\",\"breadcrumb\":{\"@id\":\"https:\/\/fraumiau.ro\/cookies\/#breadcrumb\"},\"inLanguage\":\"en-US\",\"potentialAction\":[{\"@type\":\"ReadAction\",\"target\":[\"https:\/\/fraumiau.ro\/cookies\/\"]}]},{\"@type\":\"BreadcrumbList\",\"@id\":\"https:\/\/fraumiau.ro\/cookies\/#breadcrumb\",\"itemListElement\":[{\"@type\":\"ListItem\",\"position\":1,\"name\":\"Home\",\"item\":\"https:\/\/fraumiau.ro\/\"},{\"@type\":\"ListItem\",\"position\":2,\"name\":\"Cookies\"}]},{\"@type\":\"WebSite\",\"@id\":\"https:\/\/fraumiau.ro\/#website\",\"url\":\"https:\/\/fraumiau.ro\/\",\"name\":\"Frau Miau\",\"description\":\"Frau Miau\",\"publisher\":{\"@id\":\"https:\/\/fraumiau.ro\/#organization\"},\"potentialAction\":[{\"@type\":\"SearchAction\",\"target\":{\"@type\":\"EntryPoint\",\"urlTemplate\":\"https:\/\/fraumiau.ro\/?s={search_term_string}\"},\"query-input\":{\"@type\":\"PropertyValueSpecification\",\"valueRequired\":true,\"valueName\":\"search_term_string\"}}],\"inLanguage\":\"en-US\"},{\"@type\":\"Organization\",\"@id\":\"https:\/\/fraumiau.ro\/#organization\",\"name\":\"Frau Miau\",\"url\":\"https:\/\/fraumiau.ro\/\",\"logo\":{\"@type\":\"ImageObject\",\"inLanguage\":\"en-US\",\"@id\":\"https:\/\/fraumiau.ro\/#\/schema\/logo\/image\/\",\"url\":\"https:\/\/fraumiau.ro\/wp-content\/uploads\/2020\/04\/frau_miau_logo_svg_1.svg\",\"contentUrl\":\"https:\/\/fraumiau.ro\/wp-content\/uploads\/2020\/04\/frau_miau_logo_svg_1.svg\",\"width\":250,\"height\":250,\"caption\":\"Frau Miau\"},\"image\":{\"@id\":\"https:\/\/fraumiau.ro\/#\/schema\/logo\/image\/\"},\"sameAs\":[\"https:\/\/www.facebook.com\/FrauMiauCatsitting\",\"https:\/\/www.instagram.com\/frau.miau.catsitting\/\"]}]}<\/script>\n<!-- \/ Yoast SEO plugin. -->","yoast_head_json":{"title":"Cookies - Frau Miau","robots":{"index":"index","follow":"follow","max-snippet":"max-snippet:-1","max-image-preview":"max-image-preview:large","max-video-preview":"max-video-preview:-1"},"canonical":"https:\/\/fraumiau.ro\/en\/cookies\/","og_locale":"en_US","og_type":"article","og_title":"Cookies - Frau Miau","og_description":"Politic\u0103 de utilizare Cookies \u00cen conformitate cu legisla\u021bia actual\u0103 v\u0103 aducem la cuno\u0219tin\u021b\u0103 faptul c\u0103 site-ul fraumiau.ro folose\u0219te fi\u0219iere de tip Cookies de la ter\u021be p\u0103r\u021bi precum Google Analytics pentru a v\u0103 putea oferi informa\u021bii juridice personalizate. Ce trebuie s\u0103 \u0219tim despre aceste fi\u0219iere cookies? Ce sunt ele? Cookie-urile sunt fi\u0219iere create de site-urile pe care le accesezi, acestea av\u00e2nd rolul de a-\u021bi \u00eembun\u0103t\u0103\u021bi experien\u021ba online prin salvarea informa\u021biilor tale de navigare. Folosind aceste fi\u0219iere cookie site-urile pot s\u0103 te men\u021bin\u0103 conectat(\u0103), s\u0103 \u00ee\u021bi re\u021bin\u0103 preferin\u021bele privind site-urile \u0219i s\u0103 \u00ee\u021bi ofere con\u021binut relevant de care tu ai nevoie. Exist\u0103 dou\u0103 tipuri de fi\u0219iere cookie: cookie-urile primare\u00a0sunt create de site-ul pe care \u00eel accesezi. Site-ul este afi\u0219at \u00een bara de adrese. cookie-urile ter\u021b\u0103 parte sunt create de alte site-uri. Aceste site-uri de\u021bin o parte din con\u021binut, cum ar fi anun\u021buri sau imagini, pe care le vezi pe pagina web pe care o accesezi.\u00a0 \u00a0 De ce sunt importante sau de ce ar trebui s\u0103 accept\u0103m folosirea fi\u0219ierelor de tip cookie? Fi\u0219ierele de tip cookie ne ajut\u0103 s\u0103 avem o experien\u021b\u0103 mai bun\u0103 atunci c\u00e2nd navig\u0103m pe un site, oferindu-ne o navigare personalizat\u0103 \u00een func\u021bie de preferin\u021bele noastre. Cum pute\u021bi sterge fi\u0219ierele de tip Cookie? Fi\u0219erele de tip Cookie pot fi \u0219terse practic de pe orice browser acces\u00e2nd sec\u021biunea\u00a0,,Preferin\u021be\u201d,\u00a0\u00eens\u0103 acest lucru este posibil s\u0103 v\u0103 afecteze experien\u021ba legat\u0103 de navigarea pe orice site care utilizeaza acest tip de fi\u0219iere. Unde pot afla mai multe informa\u021bii despre fi\u0219ierele de tip Cookie? Mai multe informa\u021bii despre fi\u0219ierele de tip Cookie po\u021bi afla acces\u00e2nd urm\u0103torul site: www.allaboutcookies.org","og_url":"https:\/\/fraumiau.ro\/en\/cookies\/","og_site_name":"Frau Miau","article_publisher":"https:\/\/www.facebook.com\/FrauMiauCatsitting","article_modified_time":"2022-06-06T16:37:48+00:00","twitter_card":"summary_large_image","twitter_misc":{"Est. reading time":"2 minutes"},"schema":{"@context":"https:\/\/schema.org","@graph":[{"@type":"WebPage","@id":"https:\/\/fraumiau.ro\/cookies\/","url":"https:\/\/fraumiau.ro\/cookies\/","name":"Cookies - Frau Miau","isPartOf":{"@id":"https:\/\/fraumiau.ro\/#website"},"datePublished":"2022-06-06T16:34:14+00:00","dateModified":"2022-06-06T16:37:48+00:00","breadcrumb":{"@id":"https:\/\/fraumiau.ro\/cookies\/#breadcrumb"},"inLanguage":"en-US","potentialAction":[{"@type":"ReadAction","target":["https:\/\/fraumiau.ro\/cookies\/"]}]},{"@type":"BreadcrumbList","@id":"https:\/\/fraumiau.ro\/cookies\/#breadcrumb","itemListElement":[{"@type":"ListItem","position":1,"name":"Home","item":"https:\/\/fraumiau.ro\/"},{"@type":"ListItem","position":2,"name":"Cookies"}]},{"@type":"WebSite","@id":"https:\/\/fraumiau.ro\/#website","url":"https:\/\/fraumiau.ro\/","name":"Frau Miau","description":"Frau Miau","publisher":{"@id":"https:\/\/fraumiau.ro\/#organization"},"potentialAction":[{"@type":"SearchAction","target":{"@type":"EntryPoint","urlTemplate":"https:\/\/fraumiau.ro\/?s={search_term_string}"},"query-input":{"@type":"PropertyValueSpecification","valueRequired":true,"valueName":"search_term_string"}}],"inLanguage":"en-US"},{"@type":"Organization","@id":"https:\/\/fraumiau.ro\/#organization","name":"Frau Miau","url":"https:\/\/fraumiau.ro\/","logo":{"@type":"ImageObject","inLanguage":"en-US","@id":"https:\/\/fraumiau.ro\/#\/schema\/logo\/image\/","url":"https:\/\/fraumiau.ro\/wp-content\/uploads\/2020\/04\/frau_miau_logo_svg_1.svg","contentUrl":"https:\/\/fraumiau.ro\/wp-content\/uploads\/2020\/04\/frau_miau_logo_svg_1.svg","width":250,"height":250,"caption":"Frau Miau"},"image":{"@id":"https:\/\/fraumiau.ro\/#\/schema\/logo\/image\/"},"sameAs":["https:\/\/www.facebook.com\/FrauMiauCatsitting","https:\/\/www.instagram.com\/frau.miau.catsitting\/"]}]}},"_links":{"self":[{"href":"https:\/\/fraumiau.ro\/en\/wp-json\/wp\/v2\/pages\/1930","targetHints":{"allow":["GET"]}}],"collection":[{"href":"https:\/\/fraumiau.ro\/en\/wp-json\/wp\/v2\/pages"}],"about":[{"href":"https:\/\/fraumiau.ro\/en\/wp-json\/wp\/v2\/types\/page"}],"author":[{"embeddable":true,"href":"https:\/\/fraumiau.ro\/en\/wp-json\/wp\/v2\/users\/1"}],"replies":[{"embeddable":true,"href":"https:\/\/fraumiau.ro\/en\/wp-json\/wp\/v2\/comments?post=1930"}],"version-history":[{"count":0,"href":"https:\/\/fraumiau.ro\/en\/wp-json\/wp\/v2\/pages\/1930\/revisions"}],"wp:attachment":[{"href":"https:\/\/fraumiau.ro\/en\/wp-json\/wp\/v2\/media?parent=1930"}],"curies":[{"name":"wp","href":"https:\/\/api.w.org\/{rel}","templated":true}]}}