{"id":1117,"date":"2022-05-04T20:12:44","date_gmt":"2022-05-04T20:12:44","guid":{"rendered":"https:\/\/fraumiau.ro\/?page_id=1117"},"modified":"2022-07-04T18:21:13","modified_gmt":"2022-07-04T18:21:13","slug":"blog","status":"publish","type":"page","link":"https:\/\/fraumiau.ro\/en\/blog\/","title":{"rendered":"Blog"},"content":{"rendered":"<div data-elementor-type=\"wp-page\" data-elementor-id=\"1117\" class=\"elementor elementor-1117\">\n\t\t\t\t\t\t<section class=\"elementor-section elementor-top-section elementor-element elementor-element-6dde76c elementor-section-boxed elementor-section-height-default elementor-section-height-default wpr-particle-no wpr-jarallax-no wpr-parallax-no wpr-sticky-section-no\" data-id=\"6dde76c\" data-element_type=\"section\">\n\t\t\t\t\t\t<div class=\"elementor-container elementor-column-gap-default\">\n\t\t\t\t\t<div class=\"aux-parallax-section elementor-column elementor-col-100 elementor-top-column elementor-element elementor-element-f2e61cf\" data-id=\"f2e61cf\" data-element_type=\"column\">\n\t\t\t<div class=\"elementor-widget-wrap elementor-element-populated\">\n\t\t\t\t\t\t<div class=\"elementor-element elementor-element-9beb184 premium-blog-align-left elementor-widget elementor-widget-premium-addon-blog\" data-id=\"9beb184\" data-element_type=\"widget\" data-settings=\"{&quot;premium_blog_grid&quot;:&quot;yes&quot;,&quot;premium_blog_layout&quot;:&quot;even&quot;,&quot;premium_blog_columns_number&quot;:&quot;50%&quot;,&quot;premium_blog_columns_number_tablet&quot;:&quot;50%&quot;,&quot;premium_blog_columns_number_mobile&quot;:&quot;100%&quot;}\" data-widget_type=\"premium-addon-blog.default\">\n\t\t\t\t<div class=\"elementor-widget-container\">\n\t\t\t\t\t\r\n\t\t\t\t<div class=\"premium-blog-wrap  premium-blog-even\" data-page=\"1117\">\r\n\t\t\t\t\t<div class=\"premium-blog-post-outer-container\" data-total=\"1\">\r\n\t\t\t<div class=\"premium-blog-post-container premium-blog-skin-classic\">\r\n\t\t\t\t\t\t\t\t\t<div class=\"premium-blog-thumb-effect-wrapper\">\r\n\t\t\t\t\t\t<div class=\"premium-blog-thumbnail-container premium-blog-trans-effect\">\r\n\t\t\t\t\t\t\t<img fetchpriority=\"high\" decoding=\"async\" width=\"2048\" height=\"1365\" src=\"https:\/\/fraumiau.ro\/wp-content\/uploads\/2022\/09\/IMG_5669-1.jpg\" class=\"attachment-full size-full wp-image-2212\" alt=\"\" srcset=\"https:\/\/fraumiau.ro\/wp-content\/uploads\/2022\/09\/IMG_5669-1.jpg 2048w, https:\/\/fraumiau.ro\/wp-content\/uploads\/2022\/09\/IMG_5669-1-1536x1024.jpg 1536w, https:\/\/fraumiau.ro\/wp-content\/uploads\/2022\/09\/IMG_5669-1-18x12.jpg 18w, https:\/\/fraumiau.ro\/wp-content\/uploads\/2022\/09\/IMG_5669-1-24x16.jpg 24w, https:\/\/fraumiau.ro\/wp-content\/uploads\/2022\/09\/IMG_5669-1-36x24.jpg 36w, https:\/\/fraumiau.ro\/wp-content\/uploads\/2022\/09\/IMG_5669-1-48x32.jpg 48w\" \/>\t\t\t\t\t\t<\/div>\r\n\t\t\t\t\t\t\t\t\t\t\t\t\t<div class=\"premium-blog-thumbnail-overlay\">\r\n\t\t\t\t\t\t\t\t<a class=\"elementor-icon\" href=\"https:\/\/fraumiau.ro\/en\/adoptia-unei-pisici-cu-fiv\/\" target=\"_self\"><\/a>\r\n\t\t\t\t\t\t\t<\/div>\r\n\r\n\t\t\t\t\t\t\t\t\t\t\t\t\t\t\t\t\t\t<\/div>\r\n\t\t\t\t\t\t\t\t\t\t\t\t<div class=\"premium-blog-content-wrapper\">\r\n\r\n\t\t\t\t\t<div class=\"premium-blog-inner-container\">\r\n\r\n\t\t\t\t\t\t\t\t\t\t\t\t\t\t<h2 class=\"premium-blog-entry-title\">\r\n\t\t\t<a href=\"https:\/\/fraumiau.ro\/en\/adoptia-unei-pisici-cu-fiv\/\" target=\"_self\">\r\n\t\t\t\t\t\t\t<\/a>\r\n\t\t<\/h2>\r\n\t\t\t\t<div class=\"premium-blog-entry-meta\">\r\n\t\t\t\r\n\t\t\t\r\n\t\t\t\r\n\t\t\t\t\t<\/div>\r\n\t\t\r\n\t\t\t\t\t<\/div>\r\n\r\n\t\t\t\t\t\t\t<div class=\"premium-blog-content-inner-wrapper\">\r\n\t\t<p class=\"premium-blog-post-content\">**Adopting a Cat with FIV**\n\n**What is FIV?**\nFIV \u2014 Feline Immunodeficiency Virus \u2014 is a viral infection that affects cats. It weakens the immune system, making affected cats more vulnerable compared to cats without the virus. With proper care and a low-stress environment, many FIV-positive cats remain symptom-free for years.<\/p><div class=\"premium-blog-excerpt-link-wrap\"><a href=\"https:\/\/fraumiau.ro\/en\/adoptia-unei-pisici-cu-fiv\/\" target=\"_self\" class=\"premium-blog-excerpt-link elementor-button\">Cititi \u00bb<\/a><\/div>\t\t<\/div>\r\n\t\t\t\t\t\t\t\r\n\t\t\t\t<\/div>\r\n\t\t\t<\/div>\r\n\t\t<\/div>\r\n\r\n\t\t\t\t<div class=\"premium-blog-post-outer-container\" data-total=\"1\">\r\n\t\t\t<div class=\"premium-blog-post-container premium-blog-skin-classic\">\r\n\t\t\t\t\t\t\t\t\t<div class=\"premium-blog-thumb-effect-wrapper\">\r\n\t\t\t\t\t\t<div class=\"premium-blog-thumbnail-container premium-blog-trans-effect\">\r\n\t\t\t\t\t\t\t<img decoding=\"async\" width=\"2560\" height=\"1707\" src=\"https:\/\/fraumiau.ro\/wp-content\/uploads\/2022\/04\/site-13-scaled.jpg\" class=\"attachment-full size-full wp-image-132\" alt=\"\" srcset=\"https:\/\/fraumiau.ro\/wp-content\/uploads\/2022\/04\/site-13-scaled.jpg 2560w, https:\/\/fraumiau.ro\/wp-content\/uploads\/2022\/04\/site-13-1536x1024.jpg 1536w, https:\/\/fraumiau.ro\/wp-content\/uploads\/2022\/04\/site-13-2048x1365.jpg 2048w\" \/>\t\t\t\t\t\t<\/div>\r\n\t\t\t\t\t\t\t\t\t\t\t\t\t<div class=\"premium-blog-thumbnail-overlay\">\r\n\t\t\t\t\t\t\t\t<a class=\"elementor-icon\" href=\"https:\/\/fraumiau.ro\/en\/lista-cumparaturi-pisica\/\" target=\"_self\"><\/a>\r\n\t\t\t\t\t\t\t<\/div>\r\n\r\n\t\t\t\t\t\t\t\t\t\t\t\t\t\t\t\t\t\t<\/div>\r\n\t\t\t\t\t\t\t\t\t\t\t\t<div class=\"premium-blog-content-wrapper\">\r\n\r\n\t\t\t\t\t<div class=\"premium-blog-inner-container\">\r\n\r\n\t\t\t\t\t\t\t\t\t\t\t\t\t\t<h2 class=\"premium-blog-entry-title\">\r\n\t\t\t<a href=\"https:\/\/fraumiau.ro\/en\/lista-cumparaturi-pisica\/\" target=\"_self\">\r\n\t\t\t\t\t\t\t<\/a>\r\n\t\t<\/h2>\r\n\t\t\t\t<div class=\"premium-blog-entry-meta\">\r\n\t\t\t\r\n\t\t\t\r\n\t\t\t\r\n\t\t\t\t\t<\/div>\r\n\t\t\r\n\t\t\t\t\t<\/div>\r\n\r\n\t\t\t\t\t\t\t<div class=\"premium-blog-content-inner-wrapper\">\r\n\t\t<p class=\"premium-blog-post-content\">**Shopping List for Your Cat**\n\nDo you already have cats, or are you about to welcome (at least) one into your family?\nNot sure what you need to make sure your cat has a good quality of life in the long run \u2014 and that living together is easy for you too?\n\nHere\u2019s a practical shopping list to get you started.<\/p><div class=\"premium-blog-excerpt-link-wrap\"><a href=\"https:\/\/fraumiau.ro\/en\/lista-cumparaturi-pisica\/\" target=\"_self\" class=\"premium-blog-excerpt-link elementor-button\">Cititi \u00bb<\/a><\/div>\t\t<\/div>\r\n\t\t\t\t\t\t\t\r\n\t\t\t\t<\/div>\r\n\t\t\t<\/div>\r\n\t\t<\/div>\r\n\r\n\t\t\t\t<\/div>\r\n\r\n\t\t\t\t\t\t<\/div>\n\t\t\t\t<\/div>\n\t\t\t\t\t<\/div>\n\t\t<\/div>\n\t\t\t\t\t<\/div>\n\t\t<\/section>\n\t\t\t\t<\/div>","protected":false},"excerpt":{"rendered":"<p>List\u0103 de cump\u0103r\u0103turi pentru pisica ta List\u0103 de cump\u0103r\u0103turi pentru pisica ta Ai deja pisici sau tocmai te-ai hot\u0103r\u00e2t s\u0103 \u00eeti m\u0103re\u0219ti familia cu (cel pu\u021bin) o pisic\u0103? Nu \u0219tii exact ce lucruri s\u0103 \u00eei iei ca s\u0103 te asiguri c\u0103 \u00eei oferi o via\u021b\u0103 bun\u0103 pe termen lung? Vrei s\u0103 \u00ee\u021bi fie \u0219i \u021bie c\u00e2t mai u\u0219oar\u0103 convie\u021buirea? Iat\u0103 o [&hellip;]Cititi \u00bb<\/p>","protected":false},"author":1,"featured_media":0,"parent":0,"menu_order":0,"comment_status":"closed","ping_status":"closed","template":"","meta":{"footnotes":""},"class_list":["post-1117","page","type-page","status-publish","hentry"],"yoast_head":"<!-- This site is optimized with the Yoast SEO plugin v25.7 - https:\/\/yoast.com\/wordpress\/plugins\/seo\/ -->\n<title>Blog - Frau Miau<\/title>\n<meta name=\"description\" content=\"Frau Miau Blog\" \/>\n<meta name=\"robots\" content=\"index, follow, max-snippet:-1, max-image-preview:large, max-video-preview:-1\" \/>\n<link rel=\"canonical\" href=\"https:\/\/fraumiau.ro\/en\/blog\/\" \/>\n<meta property=\"og:locale\" content=\"en_US\" \/>\n<meta property=\"og:type\" content=\"article\" \/>\n<meta property=\"og:title\" content=\"Blog - Frau Miau\" \/>\n<meta property=\"og:description\" content=\"Frau Miau Blog\" \/>\n<meta property=\"og:url\" content=\"https:\/\/fraumiau.ro\/en\/blog\/\" \/>\n<meta property=\"og:site_name\" content=\"Frau Miau\" \/>\n<meta property=\"article:publisher\" content=\"https:\/\/www.facebook.com\/FrauMiauCatsitting\" \/>\n<meta property=\"article:modified_time\" content=\"2022-07-04T18:21:13+00:00\" \/>\n<meta property=\"og:image\" content=\"https:\/\/fraumiau.ro\/wp-content\/uploads\/2022\/04\/site-13-scaled.jpg\" \/>\n<meta name=\"twitter:card\" content=\"summary_large_image\" \/>\n<meta name=\"twitter:label1\" content=\"Est. reading time\" \/>\n\t<meta name=\"twitter:data1\" content=\"1 minute\" \/>\n<script type=\"application\/ld+json\" class=\"yoast-schema-graph\">{\"@context\":\"https:\/\/schema.org\",\"@graph\":[{\"@type\":\"WebPage\",\"@id\":\"https:\/\/fraumiau.ro\/blog\/\",\"url\":\"https:\/\/fraumiau.ro\/blog\/\",\"name\":\"Blog - Frau Miau\",\"isPartOf\":{\"@id\":\"https:\/\/fraumiau.ro\/#website\"},\"primaryImageOfPage\":{\"@id\":\"https:\/\/fraumiau.ro\/blog\/#primaryimage\"},\"image\":{\"@id\":\"https:\/\/fraumiau.ro\/blog\/#primaryimage\"},\"thumbnailUrl\":\"https:\/\/fraumiau.ro\/wp-content\/uploads\/2022\/04\/site-13-scaled.jpg\",\"datePublished\":\"2022-05-04T20:12:44+00:00\",\"dateModified\":\"2022-07-04T18:21:13+00:00\",\"description\":\"Frau Miau Blog\",\"breadcrumb\":{\"@id\":\"https:\/\/fraumiau.ro\/blog\/#breadcrumb\"},\"inLanguage\":\"en-US\",\"potentialAction\":[{\"@type\":\"ReadAction\",\"target\":[\"https:\/\/fraumiau.ro\/blog\/\"]}]},{\"@type\":\"ImageObject\",\"inLanguage\":\"en-US\",\"@id\":\"https:\/\/fraumiau.ro\/blog\/#primaryimage\",\"url\":\"https:\/\/fraumiau.ro\/wp-content\/uploads\/2022\/04\/site-13-scaled.jpg\",\"contentUrl\":\"https:\/\/fraumiau.ro\/wp-content\/uploads\/2022\/04\/site-13-scaled.jpg\"},{\"@type\":\"BreadcrumbList\",\"@id\":\"https:\/\/fraumiau.ro\/blog\/#breadcrumb\",\"itemListElement\":[{\"@type\":\"ListItem\",\"position\":1,\"name\":\"Home\",\"item\":\"https:\/\/fraumiau.ro\/\"},{\"@type\":\"ListItem\",\"position\":2,\"name\":\"Blog\"}]},{\"@type\":\"WebSite\",\"@id\":\"https:\/\/fraumiau.ro\/#website\",\"url\":\"https:\/\/fraumiau.ro\/\",\"name\":\"Frau Miau\",\"description\":\"Frau Miau\",\"publisher\":{\"@id\":\"https:\/\/fraumiau.ro\/#organization\"},\"potentialAction\":[{\"@type\":\"SearchAction\",\"target\":{\"@type\":\"EntryPoint\",\"urlTemplate\":\"https:\/\/fraumiau.ro\/?s={search_term_string}\"},\"query-input\":{\"@type\":\"PropertyValueSpecification\",\"valueRequired\":true,\"valueName\":\"search_term_string\"}}],\"inLanguage\":\"en-US\"},{\"@type\":\"Organization\",\"@id\":\"https:\/\/fraumiau.ro\/#organization\",\"name\":\"Frau Miau\",\"url\":\"https:\/\/fraumiau.ro\/\",\"logo\":{\"@type\":\"ImageObject\",\"inLanguage\":\"en-US\",\"@id\":\"https:\/\/fraumiau.ro\/#\/schema\/logo\/image\/\",\"url\":\"https:\/\/fraumiau.ro\/wp-content\/uploads\/2020\/04\/frau_miau_logo_svg_1.svg\",\"contentUrl\":\"https:\/\/fraumiau.ro\/wp-content\/uploads\/2020\/04\/frau_miau_logo_svg_1.svg\",\"width\":250,\"height\":250,\"caption\":\"Frau Miau\"},\"image\":{\"@id\":\"https:\/\/fraumiau.ro\/#\/schema\/logo\/image\/\"},\"sameAs\":[\"https:\/\/www.facebook.com\/FrauMiauCatsitting\",\"https:\/\/www.instagram.com\/frau.miau.catsitting\/\"]}]}<\/script>\n<!-- \/ Yoast SEO plugin. -->","yoast_head_json":{"title":"Blog - Frau Miau","description":"Frau Miau Blog","robots":{"index":"index","follow":"follow","max-snippet":"max-snippet:-1","max-image-preview":"max-image-preview:large","max-video-preview":"max-video-preview:-1"},"canonical":"https:\/\/fraumiau.ro\/en\/blog\/","og_locale":"en_US","og_type":"article","og_title":"Blog - Frau Miau","og_description":"Frau Miau Blog","og_url":"https:\/\/fraumiau.ro\/en\/blog\/","og_site_name":"Frau Miau","article_publisher":"https:\/\/www.facebook.com\/FrauMiauCatsitting","article_modified_time":"2022-07-04T18:21:13+00:00","og_image":[{"url":"https:\/\/fraumiau.ro\/wp-content\/uploads\/2022\/04\/site-13-scaled.jpg","type":"","width":"","height":""}],"twitter_card":"summary_large_image","twitter_misc":{"Est. reading time":"1 minute"},"schema":{"@context":"https:\/\/schema.org","@graph":[{"@type":"WebPage","@id":"https:\/\/fraumiau.ro\/blog\/","url":"https:\/\/fraumiau.ro\/blog\/","name":"Blog - Frau Miau","isPartOf":{"@id":"https:\/\/fraumiau.ro\/#website"},"primaryImageOfPage":{"@id":"https:\/\/fraumiau.ro\/blog\/#primaryimage"},"image":{"@id":"https:\/\/fraumiau.ro\/blog\/#primaryimage"},"thumbnailUrl":"https:\/\/fraumiau.ro\/wp-content\/uploads\/2022\/04\/site-13-scaled.jpg","datePublished":"2022-05-04T20:12:44+00:00","dateModified":"2022-07-04T18:21:13+00:00","description":"Frau Miau Blog","breadcrumb":{"@id":"https:\/\/fraumiau.ro\/blog\/#breadcrumb"},"inLanguage":"en-US","potentialAction":[{"@type":"ReadAction","target":["https:\/\/fraumiau.ro\/blog\/"]}]},{"@type":"ImageObject","inLanguage":"en-US","@id":"https:\/\/fraumiau.ro\/blog\/#primaryimage","url":"https:\/\/fraumiau.ro\/wp-content\/uploads\/2022\/04\/site-13-scaled.jpg","contentUrl":"https:\/\/fraumiau.ro\/wp-content\/uploads\/2022\/04\/site-13-scaled.jpg"},{"@type":"BreadcrumbList","@id":"https:\/\/fraumiau.ro\/blog\/#breadcrumb","itemListElement":[{"@type":"ListItem","position":1,"name":"Home","item":"https:\/\/fraumiau.ro\/"},{"@type":"ListItem","position":2,"name":"Blog"}]},{"@type":"WebSite","@id":"https:\/\/fraumiau.ro\/#website","url":"https:\/\/fraumiau.ro\/","name":"Frau Miau","description":"Frau Miau","publisher":{"@id":"https:\/\/fraumiau.ro\/#organization"},"potentialAction":[{"@type":"SearchAction","target":{"@type":"EntryPoint","urlTemplate":"https:\/\/fraumiau.ro\/?s={search_term_string}"},"query-input":{"@type":"PropertyValueSpecification","valueRequired":true,"valueName":"search_term_string"}}],"inLanguage":"en-US"},{"@type":"Organization","@id":"https:\/\/fraumiau.ro\/#organization","name":"Frau Miau","url":"https:\/\/fraumiau.ro\/","logo":{"@type":"ImageObject","inLanguage":"en-US","@id":"https:\/\/fraumiau.ro\/#\/schema\/logo\/image\/","url":"https:\/\/fraumiau.ro\/wp-content\/uploads\/2020\/04\/frau_miau_logo_svg_1.svg","contentUrl":"https:\/\/fraumiau.ro\/wp-content\/uploads\/2020\/04\/frau_miau_logo_svg_1.svg","width":250,"height":250,"caption":"Frau Miau"},"image":{"@id":"https:\/\/fraumiau.ro\/#\/schema\/logo\/image\/"},"sameAs":["https:\/\/www.facebook.com\/FrauMiauCatsitting","https:\/\/www.instagram.com\/frau.miau.catsitting\/"]}]}},"_links":{"self":[{"href":"https:\/\/fraumiau.ro\/en\/wp-json\/wp\/v2\/pages\/1117","targetHints":{"allow":["GET"]}}],"collection":[{"href":"https:\/\/fraumiau.ro\/en\/wp-json\/wp\/v2\/pages"}],"about":[{"href":"https:\/\/fraumiau.ro\/en\/wp-json\/wp\/v2\/types\/page"}],"author":[{"embeddable":true,"href":"https:\/\/fraumiau.ro\/en\/wp-json\/wp\/v2\/users\/1"}],"replies":[{"embeddable":true,"href":"https:\/\/fraumiau.ro\/en\/wp-json\/wp\/v2\/comments?post=1117"}],"version-history":[{"count":0,"href":"https:\/\/fraumiau.ro\/en\/wp-json\/wp\/v2\/pages\/1117\/revisions"}],"wp:attachment":[{"href":"https:\/\/fraumiau.ro\/en\/wp-json\/wp\/v2\/media?parent=1117"}],"curies":[{"name":"wp","href":"https:\/\/api.w.org\/{rel}","templated":true}]}}